{"id":791,"date":"2020-11-14T21:38:38","date_gmt":"2020-11-14T20:38:38","guid":{"rendered":"http:\/\/www.musical-leones.com\/?post_type=product&#038;p=791"},"modified":"2025-01-04T21:23:05","modified_gmt":"2025-01-04T20:23:05","slug":"yamaha-u1-silent-sh2","status":"publish","type":"product","link":"https:\/\/www.musical-leones.com\/index.php\/producto\/yamaha-u1-silent-sh2\/","title":{"rendered":"YAMAHA YUS1 Silent TransAcoustic"},"content":{"rendered":"<div id=\"d262300\" class=\"gc h3-image-left\">\n<div class=\"container-fluid\">\n<h3 class=\"heading\">El Nuevo SILENT Piano\u2122 TransAcoustic te permite disfrutar, sin necesidad de auriculares, del sonido de dos de los mejores pianos de concierto: el Yamaha CFX y el legendario B\u00f6sendorfer Imperial. Se ha muestreado el sonido de cada una de sus notas con multitud de niveles de intensidad para que disfrutes de la experiencia m\u00e1s realista posible. Por un lado, el sonido expresivo del Yamaha CFX, con una extensa paleta tonal que va desde agudos brillantes hasta graves profundos; por otro, el majestuoso sonido vien\u00e9s del B\u00f6sendorfer Imperial.Dise\u00f1o de escala avanzado<\/h3>\n<div class=\"clearfix\">\n<p class=\"description\">Las mejoras en todos elementos de producci\u00f3n de sonido han proporcionado a la serie U de hoy en d\u00eda una voz m\u00e1s resonante y un timbre equilibrado equitativamente en todo el teclado.<\/p>\n<\/div>\n<\/div>\n<\/div>\n<p><!--more--><\/p>\n<div id=\"d262301\" class=\"gc h3-image-left\">\n<div class=\"container-fluid\">\n<h3 class=\"heading\">Caja de resonancia y bastidor<\/h3>\n<div class=\"clearfix\">\n<p class=\"description\">Las configuraciones especiales de las costillas a\u00f1aden fuerza a la caja de resonancia, mientras que el poste trasero y otros avances han contribuido a mejorar a\u00fan m\u00e1s la rigidez, la resonancia y la estabilidad estructural.<\/p>\n<\/div>\n<\/div>\n<\/div>\n<div id=\"d262302\" class=\"gc h3-image-left\">\n<div class=\"container-fluid\">\n<h3 class=\"heading\">Martillos con nuevo dise\u00f1o<\/h3>\n<div class=\"clearfix\">\n<p class=\"description\">Los martillos de la serie U utilizan materiales seleccionados especialmente para cada modelo con el fin de proporcionar una producci\u00f3n de tono, una respuesta y una durabilidad a largo plazo \u00f3ptimas.<\/p>\n<\/div>\n<\/div>\n<\/div>\n<div id=\"d262303\" class=\"gc h3-image-left\">\n<div class=\"container-fluid\">\n<h3 class=\"heading\">Cubierta de cierre suave<\/h3>\n<div class=\"clearfix\">\n<p class=\"description\">Un mecanismo de amortiguaci\u00f3n, utilizado anteriormente s\u00f3lo en los pianos de cola, impide que se deje caer la cubierta bruscamente sobre el teclado, evitando as\u00ed heridas accidentales o da\u00f1os.<\/p>\n<\/div>\n<\/div>\n<\/div>\n","protected":false},"excerpt":{"rendered":"<p>El Nuevo SILENT Piano\u2122 TransAcoustic te permite disfrutar, sin necesidad de auriculares, del sonido de dos de los mejores pianos de concierto: el Yamaha CFX y el legendario B\u00f6sendorfer Imperial. Se ha muestreado el sonido de cada una de sus notas con multitud de niveles de intensidad para que disfrutes de la experiencia m\u00e1s realista [&hellip;]<\/p>\n","protected":false},"featured_media":794,"template":"","meta":{"_joinchat":[]},"product_brand":[],"product_cat":[35,41],"product_tag":[],"class_list":{"0":"post-791","1":"product","2":"type-product","3":"status-publish","4":"has-post-thumbnail","6":"product_cat-pianos","7":"product_cat-verticales","9":"first","10":"outofstock","11":"shipping-taxable","12":"purchasable","13":"product-type-simple"},"aioseo_notices":[],"_links":{"self":[{"href":"https:\/\/www.musical-leones.com\/index.php\/wp-json\/wp\/v2\/product\/791","targetHints":{"allow":["GET"]}}],"collection":[{"href":"https:\/\/www.musical-leones.com\/index.php\/wp-json\/wp\/v2\/product"}],"about":[{"href":"https:\/\/www.musical-leones.com\/index.php\/wp-json\/wp\/v2\/types\/product"}],"version-history":[{"count":2,"href":"https:\/\/www.musical-leones.com\/index.php\/wp-json\/wp\/v2\/product\/791\/revisions"}],"predecessor-version":[{"id":2009,"href":"https:\/\/www.musical-leones.com\/index.php\/wp-json\/wp\/v2\/product\/791\/revisions\/2009"}],"wp:featuredmedia":[{"embeddable":true,"href":"https:\/\/www.musical-leones.com\/index.php\/wp-json\/wp\/v2\/media\/794"}],"wp:attachment":[{"href":"https:\/\/www.musical-leones.com\/index.php\/wp-json\/wp\/v2\/media?parent=791"}],"wp:term":[{"taxonomy":"product_brand","embeddable":true,"href":"https:\/\/www.musical-leones.com\/index.php\/wp-json\/wp\/v2\/product_brand?post=791"},{"taxonomy":"product_cat","embeddable":true,"href":"https:\/\/www.musical-leones.com\/index.php\/wp-json\/wp\/v2\/product_cat?post=791"},{"taxonomy":"product_tag","embeddable":true,"href":"https:\/\/www.musical-leones.com\/index.php\/wp-json\/wp\/v2\/product_tag?post=791"}],"curies":[{"name":"wp","href":"https:\/\/api.w.org\/{rel}","templated":true}]}}