{"id":787,"date":"2020-11-14T16:06:45","date_gmt":"2020-11-14T15:06:45","guid":{"rendered":"http:\/\/www.musical-leones.com\/?post_type=product&#038;p=787"},"modified":"2026-01-17T10:52:16","modified_gmt":"2026-01-17T09:52:16","slug":"piano-yamaha-vertical-u1h-2","status":"publish","type":"product","link":"https:\/\/www.musical-leones.com\/index.php\/producto\/piano-yamaha-vertical-u1h-2\/","title":{"rendered":"PIANO YAMAHA VERTICAL U1H-2"},"content":{"rendered":"<h2>Pianos de ocasi\u00f3n Yamaha2. Pianos seleccionados, reacondicionados, garantizados y certificados por Yamaha.<\/h2>\n<p><strong>Disponibles a trav\u00e9s de selectos distribuidores oficiales de Pianos Yamaha, se entregan siempre con un certificado de la f\u00e1brica de Jap\u00f3n<\/strong><\/p>\n<p>&nbsp;<\/p>\n<p><strong>Los pianos usados Yamaha<\/strong><\/p>\n<p>Desde hace algunos a\u00f1os se pueden encontrar en Espa\u00f1a pianos Yamaha que provienen de mercados extranjeros que son introducidos en nuestro pa\u00eds por importaci\u00f3n paralela ajena a Yamaha. Esos pianos del llamado\u00a0<em>mercado gris<\/em>\u00a0no han tenido ning\u00fan seguimiento oficial por parte de Yamaha y algunos han dado lugar a ciertos problemas de los que no nos podemos responsabilizar.<\/p>\n<p>Yamaha ha decidido poner fin a esta situaci\u00f3n de inseguridad para nuestros clientes lanzando al mercado espa\u00f1ol una\u00a0<strong>nueva categor\u00eda de pianos:\u00a0<\/strong>los\u00a0<strong>Pianos Yamaha2<\/strong>.<\/p>\n<h4>\u00bfQu\u00e9 es un Piano Yamaha2?<\/h4>\n<p>Un piano YAMAHA2 es un piano usado, cuya compra minimiza los riesgos inherentes a la compra de cualquier producto de segunda mano. \u00bfPor qu\u00e9? Podemos resumir en cuatro las principales caracter\u00edsticas que hacen de los nuevos Yamaha2 los \u00fanicos pianos usados que recomendamos:<\/p>\n<div>\n<div>\n<p>Est\u00e1n SELECCIONADOS por YAMAHA &#8211; no cualquier piano usado puede convertirse en un piano YAMAHA2.<\/p>\n<ul>\n<li>Est\u00e1n REACONDICIONADOS por los t\u00e9cnicos m\u00e1s cualificados: los afamados t\u00e9cnicos YAMAHA.<\/li>\n<li>Est\u00e1n GARANTIZADOS por YAMAHA.<\/li>\n<li>Est\u00e1n CERTIFICADOS. Aseg\u00farese de recibir un certificado oficial de nuestra marca junto con su piano YAMAHA2.<\/li>\n<\/ul>\n<\/div>\n<\/div>\n<h4>Pianos de segunda mano importados de Jap\u00f3n por intermediarios (pianos del mercado \u201cgris\u201d o \u201cpianos de contenedor\u201d)<\/h4>\n<p>Se tratan de pianos que, desechados en otros pa\u00edses, sobre todo en Jap\u00f3n, se importan a Espa\u00f1a, son revisados y vendidos sin contar en ninguno de estos procesos con Yamaha.<\/p>\n<p>El embalaje y transporte a Espa\u00f1a es un factor clave que Yamaha cuida con su debido rigor, y que tambi\u00e9n diferencia sus pianos de instrumentos introducidos en Espa\u00f1a por otras v\u00edas. Yamaha s\u00f3lo produce, transporta y vende pianos de alta calidad, raz\u00f3n por la cual no recomienda ni puede responsabilizarse de pianos que no han seguido los controles de Yamaha antes, durante y despu\u00e9s de su importaci\u00f3n.<\/p>\n<p>Pianos de segunda mano que no han sido comercializados por Yamaha no pueden tampoco contar con nuestra garant\u00eda ni servicios especializados, sin importar su edad. Tampoco podemos ofrecer informaci\u00f3n m\u00e1s all\u00e1 de su a\u00f1o de fabricaci\u00f3n y que no fue fabricado para ser vendido en Espa\u00f1a.<\/p>\n<p>&nbsp;<\/p>\n<div>\n<p><strong>Comprar un piano:<\/strong><\/p>\n<div>\n<ol>\n<li>La primera opci\u00f3n a la hora de comprar un piano es naturalmente un piano nuevo. Yamaha ofrece buenos pianos a precios muy asequibles, como los de la\u00a0<a href=\"http:\/\/es.yamaha.com\/es\/products\/musical-instruments\/keyboards\/uprightpianos\/b_series\/?mode=series\">serie B<\/a>. Con un piano nuevo el usuario adquiere un modelo actual con sus m\u00e1ximas prestaciones y tendr\u00e1 la posibilidad de adquirir las \u00faltimas novedades tecnol\u00f3gicas como el sistema Silent o Disklavier.<\/li>\n<li>Si\u00a0a\u00fan as\u00ed decidiera\u00a0comprar un piano usado, los pianos de ocasi\u00f3n Yamaha2 son una manera de evitar riesgos: son pianos de ocasi\u00f3n\u00a0<strong>seleccionados, reacondicionados, garantizados y certificados por Yamaha.<\/strong><\/li>\n<li>Ante pianos no garantizados por Yamaha, le recomendamos haga todo lo posible para no incurrir en un error del que se pueda arrepentir:\n<ol>\n<li>Pruebe el piano y comp\u00e1relo con uno nuevo del mismo rango de precio.<\/li>\n<li>Haga inspeccionar el piano por un t\u00e9cnico cualificado independiente e imparcial.<\/li>\n<li>Pregunte al vendedor si tiene alg\u00fan tipo de registro o historial de la vida del piano y pida el n\u00famero de serie.<\/li>\n<li>Cont\u00e1ctenos y a trav\u00e9s de dicho n\u00famero, podremos informarle de si es un piano proveniente del mercado gris.<\/li>\n<\/ol>\n<\/li>\n<\/ol>\n<p><small>Si despu\u00e9s de esto no lo ve claro, no invierta su dinero en un producto dudoso, vuelva al punto 1 y \u00a1siga buscando su piano!.<\/small><\/p>\n<\/div>\n<\/div>\n","protected":false},"excerpt":{"rendered":"<p>Piano restaurado por Yamaha Service Corporation en Jap\u00f3n..<br \/>5 a\u00f1os de Garant\u00eda <\/p>\n<p>\u00a0<\/p>\n","protected":false},"featured_media":746,"template":"","meta":{"_joinchat":[]},"product_brand":[],"product_cat":[36],"product_tag":[],"class_list":{"0":"post-787","1":"product","2":"type-product","3":"status-publish","4":"has-post-thumbnail","6":"product_cat-pianos-restaurados","8":"first","9":"instock","10":"shipping-taxable","11":"purchasable","12":"product-type-simple"},"aioseo_notices":[],"_links":{"self":[{"href":"https:\/\/www.musical-leones.com\/index.php\/wp-json\/wp\/v2\/product\/787","targetHints":{"allow":["GET"]}}],"collection":[{"href":"https:\/\/www.musical-leones.com\/index.php\/wp-json\/wp\/v2\/product"}],"about":[{"href":"https:\/\/www.musical-leones.com\/index.php\/wp-json\/wp\/v2\/types\/product"}],"version-history":[{"count":2,"href":"https:\/\/www.musical-leones.com\/index.php\/wp-json\/wp\/v2\/product\/787\/revisions"}],"predecessor-version":[{"id":2020,"href":"https:\/\/www.musical-leones.com\/index.php\/wp-json\/wp\/v2\/product\/787\/revisions\/2020"}],"wp:featuredmedia":[{"embeddable":true,"href":"https:\/\/www.musical-leones.com\/index.php\/wp-json\/wp\/v2\/media\/746"}],"wp:attachment":[{"href":"https:\/\/www.musical-leones.com\/index.php\/wp-json\/wp\/v2\/media?parent=787"}],"wp:term":[{"taxonomy":"product_brand","embeddable":true,"href":"https:\/\/www.musical-leones.com\/index.php\/wp-json\/wp\/v2\/product_brand?post=787"},{"taxonomy":"product_cat","embeddable":true,"href":"https:\/\/www.musical-leones.com\/index.php\/wp-json\/wp\/v2\/product_cat?post=787"},{"taxonomy":"product_tag","embeddable":true,"href":"https:\/\/www.musical-leones.com\/index.php\/wp-json\/wp\/v2\/product_tag?post=787"}],"curies":[{"name":"wp","href":"https:\/\/api.w.org\/{rel}","templated":true}]}}