{"id":752,"date":"2020-11-10T00:37:32","date_gmt":"2020-11-09T23:37:32","guid":{"rendered":"http:\/\/www.musical-leones.com\/?post_type=product&#038;p=752"},"modified":"2024-07-20T13:09:50","modified_gmt":"2024-07-20T11:09:50","slug":"pianoforte-broadwood","status":"publish","type":"product","link":"https:\/\/www.musical-leones.com\/index.php\/producto\/pianoforte-broadwood\/","title":{"rendered":"PIANOFORTE JOHN BROADWOOD MOD. BICORDA (1839)"},"content":{"rendered":"<p>\u201cBicorda\u201d en el contexto de los pianos se refiere a un tipo de disposici\u00f3n de cuerdas en la cual cada nota tiene dos cuerdas que son golpeadas por el martillo. <br \/>Esta disposici\u00f3n es distinta de la actual, donde en un mismo piano cada nota puede tener tres, dos o una sola cuerda dependiendo de la tesitura.<\/p>\n<p>Un piano Broadwood Bicorda es un instrumento de gran valor hist\u00f3rico y musical, una joya que ofrece una ventana sonora al pasado,  representando una \u00e9poca significativa  en la evoluci\u00f3n del piano. <br \/>Un piano Broadwood Bicorda es ideal para interpretar obras de compositores de la \u00e9poca rom\u00e1ntica y finales del periodo cl\u00e1sico. <br \/>Este modelo fue construido en 1839, pero casi exactamente igual se fabricaban desde 1817, variando solo la decoraci\u00f3n del mueble. <\/p>\n","protected":false},"excerpt":{"rendered":"<p>MAGNIFICA JOYA INSTRUMENTAL.<\/p>\n<p>RESTAURADO CON MATERIALES ORIGINALES.<\/p>\n<p>Se entrega con Funda de Transporte y llave de afinar.<\/p>\n","protected":false},"featured_media":1173,"template":"","meta":{"_joinchat":[]},"product_brand":[],"product_cat":[36],"product_tag":[],"class_list":{"0":"post-752","1":"product","2":"type-product","3":"status-publish","4":"has-post-thumbnail","6":"product_cat-pianos-restaurados","8":"first","9":"instock","10":"featured","11":"sold-individually","12":"shipping-taxable","13":"purchasable","14":"product-type-simple"},"aioseo_notices":[],"_links":{"self":[{"href":"https:\/\/www.musical-leones.com\/index.php\/wp-json\/wp\/v2\/product\/752","targetHints":{"allow":["GET"]}}],"collection":[{"href":"https:\/\/www.musical-leones.com\/index.php\/wp-json\/wp\/v2\/product"}],"about":[{"href":"https:\/\/www.musical-leones.com\/index.php\/wp-json\/wp\/v2\/types\/product"}],"version-history":[{"count":0,"href":"https:\/\/www.musical-leones.com\/index.php\/wp-json\/wp\/v2\/product\/752\/revisions"}],"wp:featuredmedia":[{"embeddable":true,"href":"https:\/\/www.musical-leones.com\/index.php\/wp-json\/wp\/v2\/media\/1173"}],"wp:attachment":[{"href":"https:\/\/www.musical-leones.com\/index.php\/wp-json\/wp\/v2\/media?parent=752"}],"wp:term":[{"taxonomy":"product_brand","embeddable":true,"href":"https:\/\/www.musical-leones.com\/index.php\/wp-json\/wp\/v2\/product_brand?post=752"},{"taxonomy":"product_cat","embeddable":true,"href":"https:\/\/www.musical-leones.com\/index.php\/wp-json\/wp\/v2\/product_cat?post=752"},{"taxonomy":"product_tag","embeddable":true,"href":"https:\/\/www.musical-leones.com\/index.php\/wp-json\/wp\/v2\/product_tag?post=752"}],"curies":[{"name":"wp","href":"https:\/\/api.w.org\/{rel}","templated":true}]}}