{"id":749,"date":"2020-11-10T00:26:33","date_gmt":"2020-11-09T23:26:33","guid":{"rendered":"http:\/\/www.musical-leones.com\/?post_type=product&#038;p=749"},"modified":"2025-01-04T21:24:47","modified_gmt":"2025-01-04T20:24:47","slug":"piano-yamaha-p121-silent","status":"publish","type":"product","link":"https:\/\/www.musical-leones.com\/index.php\/producto\/piano-yamaha-p121-silent\/","title":{"rendered":"Piano YAMAHA P121 SH2 Silent Chrome"},"content":{"rendered":"<div class=\"sales-information hidden-xs\">\n<h3><span class=\"product-name\">P121 SH2<\/span><\/h3>\n<\/div>\n<p>Dise\u00f1ado en Europa para los gustos m\u00e1s tradicionales, el P121 cuenta con un elegante mueble y tabla arm\u00f3nica barraje posterior de abeto europeo, para un sonido redondo y profundo. Ahora disponible con el sistema SILENT Piano\u2122 SH2.<\/p>\n","protected":false},"excerpt":{"rendered":"<p>P121 SH2 Dise\u00f1ado en Europa para los gustos m\u00e1s tradicionales, el P121 cuenta con un elegante mueble y tabla arm\u00f3nica barraje posterior de abeto europeo, para un sonido redondo y profundo. Ahora disponible con el sistema SILENT Piano\u2122 SH2.<\/p>\n","protected":false},"featured_media":1000,"template":"","meta":{"_joinchat":[]},"product_brand":[],"product_cat":[35,41],"product_tag":[],"class_list":{"0":"post-749","1":"product","2":"type-product","3":"status-publish","4":"has-post-thumbnail","6":"product_cat-pianos","7":"product_cat-verticales","9":"first","10":"onbackorder","11":"shipping-taxable","12":"purchasable","13":"product-type-simple"},"aioseo_notices":[],"_links":{"self":[{"href":"https:\/\/www.musical-leones.com\/index.php\/wp-json\/wp\/v2\/product\/749","targetHints":{"allow":["GET"]}}],"collection":[{"href":"https:\/\/www.musical-leones.com\/index.php\/wp-json\/wp\/v2\/product"}],"about":[{"href":"https:\/\/www.musical-leones.com\/index.php\/wp-json\/wp\/v2\/types\/product"}],"version-history":[{"count":2,"href":"https:\/\/www.musical-leones.com\/index.php\/wp-json\/wp\/v2\/product\/749\/revisions"}],"predecessor-version":[{"id":2011,"href":"https:\/\/www.musical-leones.com\/index.php\/wp-json\/wp\/v2\/product\/749\/revisions\/2011"}],"wp:featuredmedia":[{"embeddable":true,"href":"https:\/\/www.musical-leones.com\/index.php\/wp-json\/wp\/v2\/media\/1000"}],"wp:attachment":[{"href":"https:\/\/www.musical-leones.com\/index.php\/wp-json\/wp\/v2\/media?parent=749"}],"wp:term":[{"taxonomy":"product_brand","embeddable":true,"href":"https:\/\/www.musical-leones.com\/index.php\/wp-json\/wp\/v2\/product_brand?post=749"},{"taxonomy":"product_cat","embeddable":true,"href":"https:\/\/www.musical-leones.com\/index.php\/wp-json\/wp\/v2\/product_cat?post=749"},{"taxonomy":"product_tag","embeddable":true,"href":"https:\/\/www.musical-leones.com\/index.php\/wp-json\/wp\/v2\/product_tag?post=749"}],"curies":[{"name":"wp","href":"https:\/\/api.w.org\/{rel}","templated":true}]}}