{"id":651,"date":"2020-11-08T20:53:12","date_gmt":"2020-11-08T19:53:12","guid":{"rendered":"http:\/\/www.musical-leones.com\/index.php\/producto\/import-placeholder-for-85\/"},"modified":"2025-09-30T21:36:18","modified_gmt":"2025-09-30T19:36:18","slug":"beanie-with-logo","status":"publish","type":"product","link":"https:\/\/www.musical-leones.com\/index.php\/producto\/beanie-with-logo\/","title":{"rendered":"YAMAHA C2X"},"content":{"rendered":"<div id=\"d255841\" class=\"h3-image-left\">\n<div class=\"container-fluid\">\n<h3>Los pianos de la serie CX disponen de un barraje m\u00e1s grueso, aumentando significativamente la resonancia y matices del sonido.<\/h3>\n<div class=\"clearfix\">\n<div class=\"media-box media-image pull-left\"><img decoding=\"async\" class=\"img-responsive\" src=\"https:\/\/es.yamaha.com\/es\/files\/3873158E91694237AE516EA78915D828_12083_240x154_cda418bb2f0ff95ccd17430861f5ed2d.jpg\" alt=\"\" \/><\/div>\n<p>Uno de los factores m\u00e1s importantes a la hora de conseguir un tono m\u00e1s rico es el soporte del que disfruta un instrumento. Cuando se tocan potentes fortissimos, la fuerza ejercida sobre el instrumento hace que \u00e9ste se doble ligeramente, perdiendo energ\u00eda. La zona del piano que soporta esta fuerza y la transforma en profunda reverberaci\u00f3n se conoce como \u201cbarraje\u201d, resultando similar al esqueleto de un cuerpo humano. As\u00ed, por ejemplo, en el caso del C3X, este barraje es aproximadamente un 20% m\u00e1s grueso que en otros pianos de tama\u00f1o similar, mejorando notablemente su solidez estructural y, con ello, la proyecci\u00f3n sonora.<\/p>\n<\/div>\n<\/div>\n<\/div>\n<div id=\"d255842\" class=\"h3-image-left\">\n<div class=\"container-fluid\">\n<h3>Una nueva tabla arm\u00f3nica que amplifica la expresividad del artista.<\/h3>\n<div class=\"clearfix\">\n<div class=\"media-box media-image pull-left\"><img decoding=\"async\" class=\"img-responsive\" src=\"https:\/\/es.yamaha.com\/es\/files\/E9A079614799483592BA035C0191DEE7_12083_240x163_ef20d4ca938c1ed44d1d6df0e133c457.jpg\" alt=\"\" \/><\/div>\n<p>Un viol\u00edn est\u00e1 construido en torno a un bonito cuerpo con curvas y formas tridimensionales similares, en cierto modo, al dise\u00f1o c\u00f3ncavo y tridimensional de la tabla arm\u00f3nica de un piano, denominada \u201ccorona\u201d. La fabricaci\u00f3n de esta corona es crucial en la estructura de cualquier piano, y por ello los ingenieros constructores de pianos consideran de capital importancia resolver el problema de la transmisi\u00f3n de las vibraciones de las cuerdas al aire circundante a trav\u00e9s de la tabla arm\u00f3nica. Durante muchos a\u00f1os, Yamaha ha acumulado una gran experiencia en la construcci\u00f3n de pianos y la ha aplicado a unas t\u00e9cnicas de ingenier\u00eda insuperables, lo que garantiza la m\u00e1xima proyecci\u00f3n del sonido desde la tabla arm\u00f3nica.<\/p>\n<p>El dise\u00f1o resultante agrupa fen\u00f3menos f\u00edsicos propios de la fabricaci\u00f3n de los pianos, creando una tabla arm\u00f3nica cuya estructura le permita vibrar f\u00e1cilmente, algo que no habr\u00eda sido posible sin los profundos conocimientos que posee Yamaha sobre el tradicional arte de crear pianos, que va de la mano con la experiencia y el conocimiento de ingenier\u00eda tecnol\u00f3gica.<\/p>\n<p>Las mismas t\u00e9cnicas desarrolladas para unir las costillas y el puente a la tabla arm\u00f3nica en el CFX se usan para construir el C3X y modelos superiores, que requieren una gran proyecci\u00f3n, Incluso el proceso de instalaci\u00f3n de la tabla arm\u00f3nica resultante en el cuerpo del piano ha sido investigado minuciosamente. Estos detalles han dado como resultado una mejora radical de la proyecci\u00f3n del sonido y una respuesta sin precedentes que los int\u00e9rpretes exigen.<\/p>\n<\/div>\n<\/div>\n<\/div>\n<div id=\"d255843\" class=\"h3-image-left\">\n<div class=\"container-fluid\">\n<h3>Las nuevas cuerdas ofrecen unos largos sostenidos y una gran gama de arm\u00f3nicos.<\/h3>\n<div class=\"clearfix\">\n<p>En efecto, las cuerdas son las responsables del sonido de un piano. En conjunci\u00f3n con los macillos, la tabla arm\u00f3nica y la estructura del piano, las cuerdas tienen un efecto muy profundo en el timbre y los sostenidos del instrumento. La serie CX utiliza cuerdas que producen un sonido rico con complejos arm\u00f3nicos en los registros medios y agudos. Estas nuevas cuerdas junto con la solidez de su estructura reforzada, son las que confieren a los pianos de la serie CX un sonido lleno de matices.<\/p>\n<\/div>\n<\/div>\n<\/div>\n<div id=\"d255844\" class=\"h3-image-left\">\n<div class=\"container-fluid\">\n<h3>La experiencia en la fabricaci\u00f3n del arpa se traduce en una s\u00f3lida calidad.<\/h3>\n<div class=\"clearfix\">\n<div class=\"media-box media-image pull-left\"><img decoding=\"async\" class=\"img-responsive\" src=\"https:\/\/es.yamaha.com\/es\/files\/FE68DE9EF437448ABA277597AAC94F00_12083_240x180_480210650cc419ead24ad4feecc65c8c.jpg\" alt=\"\" \/><\/div>\n<p>El arpa de un piano moderno debe poder soportar una tensi\u00f3n total de las cuerdas de m\u00e1s de veinte toneladas y no s\u00f3lo debe formar un todo con la estructura de madera para soportar la tensi\u00f3n de las cuerdas, sino que influye profundamente al sonido del instrumento. Yamaha fabrica sus propias arpas y utiliza un m\u00e9todo de fundido conocido como \u00abVacuum Process\u00bb, desarrollado a lo largo de muchos a\u00f1os creando algunas de las mejores arpas para piano del mundo. Durante este tiempo, hemos acumulado un conjunto de conocimientos sobre la influencia de factores tales como el control de la temperatura y la composici\u00f3n de la fundici\u00f3n, e incluso el recubrimiento de la estructura, que afectan a las propiedades ac\u00fasticas del piano. Esta es una de las razones principales por las cuales Yamaha puede garantizar calidad y fiabilidad en los pianos que fabrica.<\/p>\n<\/div>\n<\/div>\n<\/div>\n<div id=\"d255845\" class=\"h3-image-left\">\n<div class=\"container-fluid\">\n<h3>Unos Macillos desarrollados de los de la Serie artesanal de concierto CF.<\/h3>\n<div class=\"clearfix\">\n<div class=\"media-box media-image pull-left\"><img decoding=\"async\" class=\"img-responsive\" src=\"https:\/\/es.yamaha.com\/es\/files\/71A5AE02C2754C029E5B63EE78F4F5DB_12083_240x180_e260c5b871adc4bc475210d360ef0e0e.jpg\" alt=\"\" \/><\/div>\n<p>Unos macillos excepcionales resultan esenciales a la hora de producir un sonido expresivo y maleable. Yamaha, a diferencia de muchos otros fabricantes de pianos, produce la mayor\u00eda de sus componentes de alta calidad y busca constantemente nuevas maneras de aprovechar los conocimientos desarrollados para dotar a sus macillos de tonalidad, resistencia y potencia. La serie CX tambi\u00e9n se ha beneficiado de los resultados de este trabajo de investigaci\u00f3n y desarrollo, y utiliza el mismo fieltro que la serie artesanal de concierto CF, ajustados a cada modelo de la serie por razones de tama\u00f1o. Esto garantiza a los pianos de la serie CX un sonido expresivo, con un rango tonal claro y lleno de matices.<\/p>\n<\/div>\n<\/div>\n<\/div>\n<div id=\"d255846\" class=\"h3-image-left\">\n<div class=\"container-fluid\">\n<h3>La entonaci\u00f3n y la regulaci\u00f3n dan vida a los pianos.<\/h3>\n<div class=\"clearfix\">\n<div class=\"media-box media-image pull-left\"><img decoding=\"async\" class=\"img-responsive\" src=\"https:\/\/es.yamaha.com\/es\/files\/D66300788B894E7080AA19DEF165E7B3_12083_240x115_4ee342f28dc6f67ffad972b16713bb7a.jpg\" alt=\"\" \/><\/div>\n<p>Los pianos ofrecen a los pianistas una libertad muy limitada. De hecho, adem\u00e1s de los pedales, el rango expresivo del pianista se limitar\u00eda a los 10 mm de recorrido en cada una de las 88 teclas. Sin embargo, las casi infinitas combinaciones de la acci\u00f3n de los pedales junto con la velocidad y la intensidad aplicadas sobre las teclas produce un rango tan amplio de variaciones tonales que no pueden ser reproducidas con la tecnolog\u00eda digital actual. Ah\u00ed radica la verdadera clave de un piano ac\u00fastico: permite al pianista alcanzar un incre\u00edble grado de expresividad con un recorrido de tecla de tan s\u00f3lo 10 mm.<\/p>\n<p>Es \u00e9sta la raz\u00f3n por la que Yamaha dedica tanto tiempo al proceso de entonaci\u00f3n de sus pianos, imprescindible para que el pianista pueda transmitir a las cuerdas sus sentimientos. Durante la regulaci\u00f3n del instrumento, un experimentado artesano ajusta cada movimiento de la maquinaria del teclado para que \u00e9sta transfiera cada matiz del pianista durante su interpretaci\u00f3n. En el proceso de entonaci\u00f3n, cada uno de los macillos, responsables de la emisi\u00f3n del sonido por parte de las cuerdas, es \u201centonado\u201d para ajustarse al conjunto y as\u00ed lograr un tono final uniforme y equilibrado que resulte agradable al tocar. Incluso en la actualidad, en una \u00e9poca de constante y r\u00e1pido desarrollo tecnol\u00f3gico, estas tareas siguen realiz\u00e1ndolas expertos artesanos comprometidos por garantizar la elevada calidad de estos instrumentos. Esta es, entre otras, una de las razones por las que Yamaha sigue siendo uno de los fabricantes de pianos m\u00e1s importantes del mundo.<\/p>\n<\/div>\n<\/div>\n<\/div>\n<div id=\"d255847\" class=\"h3-image-left\">\n<div class=\"container-fluid\">\n<h3>Un dise\u00f1o en el que se fusionan el piano y el pianista, al estilo de la serie CF.<\/h3>\n<div class=\"clearfix\">\n<div class=\"media-box media-image pull-left\"><img decoding=\"async\" class=\"img-responsive\" src=\"https:\/\/es.yamaha.com\/es\/files\/B58C0955D9514D788F4B888D7F0F04BC_12083_240x160_dd1e6d1cb57e0e4fdaf1c0d8de7089a0.jpg\" alt=\"\" \/><\/div>\n<p>Con un dise\u00f1o totalmente renovado, con un estilo similar al de la serie CF de pianos artesanales de concierto, la serie CX presenta unas l\u00edneas sencillas y elegantes, tomando como punto de partida las patas caracter\u00edsticas del piano y alej\u00e1ndose de cualquier exceso ornamental. Esta elegancia aumenta gracias a la s\u00f3lida pedalera, que permite pisar los pedales con toda la fuerza que requiera la emoci\u00f3n del int\u00e9rprete, una filosof\u00eda de \u00abdise\u00f1o funcional\u00bb mediante la cual pianista y piano se funden en una unidad al interpretar. El recubrimiento de las teclas blancas en Ivorite\uf0d2, un material que posee un tacto, un color y una absorbencia muy similares a los del marfil natural, junto con el \u00e9bano natural utilizado en las teclas negras, garantizan al int\u00e9rprete el mayor confort posible y una mejor tracci\u00f3n de los dedos sobre las teclas.<\/p>\n<\/div>\n<\/div>\n<\/div>\n<div id=\"d255848\" class=\"h3-image-left\">\n<div class=\"container-fluid\">\n<h3>La seguridad de un piano de cola Yamaha<\/h3>\n<div class=\"clearfix\">\n<div class=\"media-box media-image pull-left\"><img decoding=\"async\" class=\"img-responsive\" src=\"https:\/\/es.yamaha.com\/es\/files\/CA795EEE35BB4015A7F75C36709E32BE_12083_240x188_4fda475228567a385da2bb039cff8848.jpg\" alt=\"\" \/><\/div>\n<p>&#8211; La serie CX viene equipada con un tope de seguridad que evita da\u00f1arse los dedos en caso de que la tapa se cierre de forma inesperada.<\/p>\n<p>&#8211; La cubierta del teclado dispone de un mecanismo de cierre frenado, lo que significa que ya no hay que preocuparse de que caiga sobre los dedos de forma inadvertida.<\/p>\n<\/div>\n<\/div>\n<\/div>\n","protected":false},"excerpt":{"rendered":"<p>Los pianos de la serie CX disponen de un barraje m\u00e1s grueso, aumentando significativamente la resonancia y matices del sonido.<\/p>\n","protected":false},"featured_media":691,"template":"","meta":{"_joinchat":[]},"product_brand":[],"product_cat":[43,35],"product_tag":[],"class_list":{"0":"post-651","1":"product","2":"type-product","3":"status-publish","4":"has-post-thumbnail","6":"product_cat-clasicos","7":"product_cat-pianos","9":"first","10":"instock","11":"sale","12":"sold-individually","13":"shipping-taxable","14":"purchasable","15":"product-type-simple"},"aioseo_notices":[],"_links":{"self":[{"href":"https:\/\/www.musical-leones.com\/index.php\/wp-json\/wp\/v2\/product\/651","targetHints":{"allow":["GET"]}}],"collection":[{"href":"https:\/\/www.musical-leones.com\/index.php\/wp-json\/wp\/v2\/product"}],"about":[{"href":"https:\/\/www.musical-leones.com\/index.php\/wp-json\/wp\/v2\/types\/product"}],"version-history":[{"count":1,"href":"https:\/\/www.musical-leones.com\/index.php\/wp-json\/wp\/v2\/product\/651\/revisions"}],"predecessor-version":[{"id":2014,"href":"https:\/\/www.musical-leones.com\/index.php\/wp-json\/wp\/v2\/product\/651\/revisions\/2014"}],"wp:featuredmedia":[{"embeddable":true,"href":"https:\/\/www.musical-leones.com\/index.php\/wp-json\/wp\/v2\/media\/691"}],"wp:attachment":[{"href":"https:\/\/www.musical-leones.com\/index.php\/wp-json\/wp\/v2\/media?parent=651"}],"wp:term":[{"taxonomy":"product_brand","embeddable":true,"href":"https:\/\/www.musical-leones.com\/index.php\/wp-json\/wp\/v2\/product_brand?post=651"},{"taxonomy":"product_cat","embeddable":true,"href":"https:\/\/www.musical-leones.com\/index.php\/wp-json\/wp\/v2\/product_cat?post=651"},{"taxonomy":"product_tag","embeddable":true,"href":"https:\/\/www.musical-leones.com\/index.php\/wp-json\/wp\/v2\/product_tag?post=651"}],"curies":[{"name":"wp","href":"https:\/\/api.w.org\/{rel}","templated":true}]}}