{"id":643,"date":"2020-11-08T20:53:12","date_gmt":"2020-11-08T19:53:12","guid":{"rendered":"http:\/\/www.musical-leones.com\/index.php\/producto\/import-placeholder-for-75\/"},"modified":"2026-01-17T11:20:19","modified_gmt":"2026-01-17T10:20:19","slug":"yamaha-b1-silent-sc3-pe-plan-renove","status":"publish","type":"product","link":"https:\/\/www.musical-leones.com\/index.php\/producto\/yamaha-b1-silent-sc3-pe-plan-renove\/","title":{"rendered":"YAMAHA B1 SILENT SC3 PE"},"content":{"rendered":"<p class=\"catch\" style=\"text-align: right;\">El Nuevo SILENT Piano\u2122 SC3 te permite disfrutar del sonido de dos de los mejores pianos de concierto: el Yamaha CFX y el legendario B\u00f6sendorfer Imperial. Se ha muestreado el sonido de cada una de sus notas con multitud de niveles de intensidad para que disfrutes de la experiencia m\u00e1s realista posible. Por un lado, el sonido expresivo del Yamaha CFX, con una extensa paleta tonal que va desde agudos brillantes hasta graves profundos; por otro, el majestuoso sonido vien\u00e9s del B\u00f6sendorfer Imperial.<\/p>\n<h3 class=\"heading\">10 instrumentos distintos a tu disposici\u00f3n<\/h3>\n<div class=\"clearfix\">\n<p class=\"description\">El SILENT Piano\u2122 SC3 ofrece 10 sonidos de diferentes instrumentos, incluyendo pianos el\u00e9ctricos, clavecines, \u00f3rganos, cuerdas, coros o sintetizadores, para que encuentres el sonido que mejor encaje en cada canci\u00f3n.<\/p>\n<\/div>\n","protected":false},"excerpt":{"rendered":"<p>10 instrumentos distintos a tu disposici\u00f3n<\/p>\n<p>El SILENT Piano\u2122 SC3 ofrece 10 sonidos de diferentes instrumentos, incluyendo pianos el\u00e9ctricos, clavecines, \u00f3rganos, cuerdas, coros o sintetizadores, para que encuentres el sonido que mejor encaje en cada canci\u00f3n.<\/p>\n","protected":false},"featured_media":1220,"template":"","meta":{"_joinchat":[]},"product_brand":[],"product_cat":[35,41],"product_tag":[],"class_list":{"0":"post-643","1":"product","2":"type-product","3":"status-publish","4":"has-post-thumbnail","6":"product_cat-pianos","7":"product_cat-verticales","9":"first","10":"instock","11":"sale","12":"featured","13":"shipping-taxable","14":"purchasable","15":"product-type-simple"},"aioseo_notices":[],"_links":{"self":[{"href":"https:\/\/www.musical-leones.com\/index.php\/wp-json\/wp\/v2\/product\/643","targetHints":{"allow":["GET"]}}],"collection":[{"href":"https:\/\/www.musical-leones.com\/index.php\/wp-json\/wp\/v2\/product"}],"about":[{"href":"https:\/\/www.musical-leones.com\/index.php\/wp-json\/wp\/v2\/types\/product"}],"version-history":[{"count":6,"href":"https:\/\/www.musical-leones.com\/index.php\/wp-json\/wp\/v2\/product\/643\/revisions"}],"predecessor-version":[{"id":2084,"href":"https:\/\/www.musical-leones.com\/index.php\/wp-json\/wp\/v2\/product\/643\/revisions\/2084"}],"wp:featuredmedia":[{"embeddable":true,"href":"https:\/\/www.musical-leones.com\/index.php\/wp-json\/wp\/v2\/media\/1220"}],"wp:attachment":[{"href":"https:\/\/www.musical-leones.com\/index.php\/wp-json\/wp\/v2\/media?parent=643"}],"wp:term":[{"taxonomy":"product_brand","embeddable":true,"href":"https:\/\/www.musical-leones.com\/index.php\/wp-json\/wp\/v2\/product_brand?post=643"},{"taxonomy":"product_cat","embeddable":true,"href":"https:\/\/www.musical-leones.com\/index.php\/wp-json\/wp\/v2\/product_cat?post=643"},{"taxonomy":"product_tag","embeddable":true,"href":"https:\/\/www.musical-leones.com\/index.php\/wp-json\/wp\/v2\/product_tag?post=643"}],"curies":[{"name":"wp","href":"https:\/\/api.w.org\/{rel}","templated":true}]}}