{"id":634,"date":"2020-11-08T20:53:11","date_gmt":"2020-11-08T19:53:11","guid":{"rendered":"http:\/\/www.musical-leones.com\/index.php\/producto\/import-placeholder-for-48\/"},"modified":"2022-06-30T09:41:37","modified_gmt":"2022-06-30T07:41:37","slug":"piano-digital-yamaha-p45","status":"publish","type":"product","link":"https:\/\/www.musical-leones.com\/index.php\/producto\/piano-digital-yamaha-p45\/","title":{"rendered":"PIANO DIGITAL YAMAHA P45B (soporte FIJO opcional)"},"content":{"rendered":"<h2 class=\"headingA01\">Caracter\u00edsticas<\/h2>\n<h3 class=\"headingB01\">El tacto de sus teclas proporciona una experiencia de aut\u00e9ntico piano.<\/h3>\n<div class=\"imageDescriptionB01\">\n<div class=\"pictRight\">\n<div class=\"pict\">\n<p class=\"thum\"><img decoding=\"async\" src=\"http:\/\/data.yamaha.jp\/sdb\/product\/image\/others\/raw\/p\/p-45b\/277F1A3D9BAA4102AA621C02223EACC0_12074.jpg\" alt=\"\" \/><\/p>\n<p class=\"information\">\n<\/div>\n<\/div>\n<div class=\"desc\">El P-45 cuenta con un teclado de martillos graduados est\u00e1ndar (GHS). El tacto y la sensibilidad del teclado cambia gradualmente seg\u00fan el registro, de modo que la sensaci\u00f3n es de mayor peso cuando se tocan partes graves y de m\u00e1s ligereza cuando se tocan partes agudas. El teclado del piano tambi\u00e9n tiene un tacto natural, con teclas negras con acabado mate que transmiten una experiencia de aut\u00e9ntico piano ac\u00fastico al tocar.<\/div>\n<\/div>\n<h3 class=\"headingB01\">Recreaci\u00f3n de la reverberaci\u00f3n real de un piano de cola.<\/h3>\n<div class=\"imageDescriptionB01\">\n<div class=\"pictRight\">\n<div class=\"pict\">\n<p class=\"thum\"><img decoding=\"async\" src=\"http:\/\/data.yamaha.jp\/sdb\/product\/image\/others\/raw\/p\/p-45b\/6BB8C524E5854ACDAA2387809EDF3BC7_12074.jpg\" alt=\"\" \/><\/p>\n<p class=\"information\">\n<\/div>\n<\/div>\n<div class=\"desc\">El P-45 se ha mejorado sobre la base de la s\u00edntesis AWM tradicional para ofrecer sonidos de piano reales. AWM es un tecnolog\u00eda que utiliza fuentes de grabaciones originales (instrumentos reales) y que permite disfrutar de la reverberaci\u00f3n de un piano de cola en cualquier sitio y en cualquier momento.<\/div>\n<\/div>\n<h3 class=\"headingB01\">Dise\u00f1o compacto y ligero muy f\u00e1cil de transportar.<\/h3>\n<div class=\"imageDescriptionB01\">\n<div class=\"desc\">Estilizado y elegante, con menos de 30 cm de fondo, este instrumento requiere poco espacio, y como solo pesa 11,5 kg (con su altavoz incorporado), es muy c\u00f3modo de transportar, tanto dentro de casa como para llevarlo a una actuaci\u00f3n en otro lugar.<\/div>\n<div class=\"pictCenter\">\n<div class=\"pict\">\n<p class=\"thum\"><img decoding=\"async\" src=\"http:\/\/data.yamaha.jp\/sdb\/product\/image\/others\/raw\/p\/p-45b\/A391278EF75B42D19361C065627BB116_12074.jpg\" alt=\"\" \/><\/p>\n<p class=\"information\">\n<\/div>\n<\/div>\n<\/div>\n<h3 class=\"headingB01\">Muy sencillo de manejar: un solo bot\u00f3n.<\/h3>\n<p>&nbsp;<\/p>\n<div class=\"imageDescriptionB01\">\n<div class=\"pictRight\">\n<div class=\"pict\">\n<p class=\"thum\"><img decoding=\"async\" src=\"http:\/\/data.yamaha.jp\/sdb\/product\/image\/others\/raw\/p\/p-45b\/704066DF02584276A46B63EDBFABD256_12074.jpg\" alt=\"\" \/><\/p>\n<p class=\"information\">\n<\/div>\n<\/div>\n<div class=\"desc\">Los diversos ajustes de configuraci\u00f3n del P-45 se pueden hacer con un \u00fanico bot\u00f3n. Basta con mantener pulsado el bot\u00f3n \u00abGRAND PIANO\/FUNCTION\u00bb y pulsar el teclado para cambiar los timbres, reproducir las demos, configurar el metr\u00f3nomo, etc.<\/div>\n<\/div>\n<p>&nbsp;<\/p>\n","protected":false},"excerpt":{"rendered":"<p><strong>El tacto de sus teclas proporciona una experiencia de aut\u00e9ntico piano.<\/strong><\/p>\n","protected":false},"featured_media":716,"template":"","meta":{"_joinchat":{"view":"no"}},"product_brand":[],"product_cat":[42,35],"product_tag":[],"class_list":{"0":"post-634","1":"product","2":"type-product","3":"status-publish","4":"has-post-thumbnail","6":"product_cat-digitales","7":"product_cat-pianos","9":"first","10":"outofstock","11":"sale","12":"sold-individually","13":"shipping-taxable","14":"purchasable","15":"product-type-simple"},"aioseo_notices":[],"_links":{"self":[{"href":"https:\/\/www.musical-leones.com\/index.php\/wp-json\/wp\/v2\/product\/634","targetHints":{"allow":["GET"]}}],"collection":[{"href":"https:\/\/www.musical-leones.com\/index.php\/wp-json\/wp\/v2\/product"}],"about":[{"href":"https:\/\/www.musical-leones.com\/index.php\/wp-json\/wp\/v2\/types\/product"}],"version-history":[{"count":1,"href":"https:\/\/www.musical-leones.com\/index.php\/wp-json\/wp\/v2\/product\/634\/revisions"}],"predecessor-version":[{"id":1180,"href":"https:\/\/www.musical-leones.com\/index.php\/wp-json\/wp\/v2\/product\/634\/revisions\/1180"}],"wp:featuredmedia":[{"embeddable":true,"href":"https:\/\/www.musical-leones.com\/index.php\/wp-json\/wp\/v2\/media\/716"}],"wp:attachment":[{"href":"https:\/\/www.musical-leones.com\/index.php\/wp-json\/wp\/v2\/media?parent=634"}],"wp:term":[{"taxonomy":"product_brand","embeddable":true,"href":"https:\/\/www.musical-leones.com\/index.php\/wp-json\/wp\/v2\/product_brand?post=634"},{"taxonomy":"product_cat","embeddable":true,"href":"https:\/\/www.musical-leones.com\/index.php\/wp-json\/wp\/v2\/product_cat?post=634"},{"taxonomy":"product_tag","embeddable":true,"href":"https:\/\/www.musical-leones.com\/index.php\/wp-json\/wp\/v2\/product_tag?post=634"}],"curies":[{"name":"wp","href":"https:\/\/api.w.org\/{rel}","templated":true}]}}