{"id":2062,"date":"2026-01-17T09:52:44","date_gmt":"2026-01-17T08:52:44","guid":{"rendered":"https:\/\/www.musical-leones.com\/?post_type=product&#038;p=2062"},"modified":"2026-01-17T10:51:09","modified_gmt":"2026-01-17T09:51:09","slug":"yamaha-s7x","status":"publish","type":"product","link":"https:\/\/www.musical-leones.com\/index.php\/producto\/yamaha-s7x\/","title":{"rendered":"YAMAHA S7X (nuevo)"},"content":{"rendered":"<h3 class=\"hidden-xs\">Un reci\u00e9n llegado con esp\u00edritu vintage<\/h3>\n<p>El sistema de Mejora de la Resonancia Ac\u00fastica (Acoustic Resonance Enhancement) de Yamaha es el \u00faltimo hito en la fabricaci\u00f3n de pianos. \u00bfEn qu\u00e9 consiste? Es un sistema exclusivo que usamos para tratar los aros, interno y externo, utilizados en los pianos de la Serie SX. Adem\u00e1s de reducir el contenido de humedad en la madera de estas piezas, el sistema A.R.E. produce cambios qu\u00edmicos que se dan en la madera envejecida en condiciones ideales. As\u00ed, podremos disfrutar del sonido c\u00e1lido y dulce de un instrumento \u201cmaduro\u201d desde el primer momento. Los beneficios del sistema A.R.E. ya han sido probados en el aclamado viol\u00edn Artida YVN500S y las Series L y A de guitarras ac\u00fasticas. Por primera vez, la tecnolog\u00eda A.R.E. llega a un piano ac\u00fastico, para un sonido \u00fanico. Natural, profundo, con una espl\u00e9ndida resonancia y precisi\u00f3n expresiva incluso en los m\u00e1s delicados pianissimos.<\/p>\n<h3 class=\"hidden-xs\">Una tabla arm\u00f3nica que vibra con la interpretaci\u00f3n<\/h3>\n<p>Como un viol\u00edn, un piano es una sinfon\u00eda de curvas sutiles, pero la m\u00e1s importante en el piano es una que normalmente no se ve: la forma convexa de la tabla arm\u00f3nica, conocida como corona. Su cometido es conseguir una eficiente transmisi\u00f3n de las vibraciones de las cuerdas hasta la tabla arm\u00f3nica y su transmisi\u00f3n al aire como ondas sonoras.<\/p>\n<p>Integrando la maestr\u00eda artesanal fruto de m\u00e1s de 100 a\u00f1os de experiencia fabricando pianos con la m\u00e1s avanzada tecnolog\u00eda se ha conseguido una tabla arm\u00f3nica que vibra con facilidad, para una gran proyecci\u00f3n sonora. Para el desarrollo de la Serie SX, hemos utilizado algunas de las t\u00e9cnicas desarrolladas para nuestro buque insignia, el CFX, consiguiendo una tabla arm\u00f3nica perfectamente integrada en el conjunto del piano, que ofrecer\u00e1 una sonoridad perfecta en cualquier entorno.<\/p>\n<p>Construida con abeto europeo especialmente seleccionado, la tabla arm\u00f3nica de la Serie SX ha sido dise\u00f1ada para soportar la presi\u00f3n generada por las cuerdas sin perder su forma, asegurando una excelente proyecci\u00f3n y un sonido rico y expresivo a lo largo de muchos a\u00f1os.<\/p>\n","protected":false},"excerpt":{"rendered":"<div id=\"d837806\" class=\"product-lineup-full-width\">\n<div class=\"container-fluid\">\n<div class=\"row\">\n<div class=\"col-xs-12 col-sm-4\">\n<p><a id=\"switch-image-837806\" class=\"display-block\" title=\"\" href=\"https:\/\/es.yamaha.com\/es\/files\/C91C855FF38F43DEA96BEACE276D4898_12073_2000x1889_5993b305277ad699f14f2c59df429cdb.jpg\" data-ride=\"enlarge-image\" data-target=\"#enlarge-image-modal\" data-panzoom=\"true\"><img decoding=\"async\" class=\"img-responsive\" src=\"https:\/\/es.yamaha.com\/es\/files\/C91C855FF38F43DEA96BEACE276D4898_12073_735x735_5993b305277ad699f14f2c59df429cdb.jpg\" alt=\"\" \/><\/a><\/p>\n<hr \/>\n<div id=\"ms-gallery-837806\" class=\"carousel slide row\" data-ride=\"media-slider\" data-columns=\"7\">\n<div class=\"carousel-inner\">\n<div class=\"item active\">\n<div class=\"col-xs-1\"><a class=\"display-block\" title=\"\" href=\"https:\/\/es.yamaha.com\/es\/files\/3C242A339FA34FE6A99F53A23AD184AE_12075_735x735_ea91a057ac2abd3fe90009c43777c1f6.jpg?imbypass=on\" data-switch-image=\"#switch-image-837806\" data-enlarge-image=\"\/es\/files\/3C242A339FA34FE6A99F53A23AD184AE_12075_1436x2000_ea91a057ac2abd3fe90009c43777c1f6.jpg?imbypass=on\"><img decoding=\"async\" class=\"img-responsive\" src=\"https:\/\/es.yamaha.com\/es\/files\/3C242A339FA34FE6A99F53A23AD184AE_12075_117x117_ea91a057ac2abd3fe90009c43777c1f6.jpg\" alt=\"\" \/><\/a><\/div>\n<div class=\"col-xs-1\"><a class=\"display-block\" title=\"\" href=\"https:\/\/es.yamaha.com\/es\/files\/C84570BC14404415B3F2044058D001C9_12075_735x735_27acad7c5e15d688c524a5b632de062a.jpg?imbypass=on\" data-switch-image=\"#switch-image-837806\" data-enlarge-image=\"\/es\/files\/C84570BC14404415B3F2044058D001C9_12075_1505x2000_27acad7c5e15d688c524a5b632de062a.jpg?imbypass=on\"><img decoding=\"async\" class=\"img-responsive\" src=\"https:\/\/es.yamaha.com\/es\/files\/C84570BC14404415B3F2044058D001C9_12075_117x117_27acad7c5e15d688c524a5b632de062a.jpg\" alt=\"\" \/><\/a><\/div>\n<div class=\"col-xs-1\"><a class=\"display-block\" title=\"\" href=\"https:\/\/es.yamaha.com\/es\/files\/F0AE3A485D0741CC972C1C867813A23E_12075_735x735_207f605fb0b467ad0eff070cfd794dda.jpg?imbypass=on\" data-switch-image=\"#switch-image-837806\" data-enlarge-image=\"\/es\/files\/F0AE3A485D0741CC972C1C867813A23E_12075_2000x1500_207f605fb0b467ad0eff070cfd794dda.jpg?imbypass=on\"><img decoding=\"async\" class=\"img-responsive\" src=\"https:\/\/es.yamaha.com\/es\/files\/F0AE3A485D0741CC972C1C867813A23E_12075_117x117_207f605fb0b467ad0eff070cfd794dda.jpg\" alt=\"\" \/><\/a><\/div>\n<div class=\"col-xs-1\"><a class=\"display-block\" title=\"\" href=\"https:\/\/es.yamaha.com\/es\/files\/112EC561DD52413F9E1A3C971CFA88E6_12075_735x735_2577e1d37f694238d120ebc2cd580ad8.jpg?imbypass=on\" data-switch-image=\"#switch-image-837806\" data-enlarge-image=\"\/es\/files\/112EC561DD52413F9E1A3C971CFA88E6_12075_2000x1500_2577e1d37f694238d120ebc2cd580ad8.jpg?imbypass=on\"><img decoding=\"async\" class=\"img-responsive\" src=\"https:\/\/es.yamaha.com\/es\/files\/112EC561DD52413F9E1A3C971CFA88E6_12075_117x117_2577e1d37f694238d120ebc2cd580ad8.jpg\" alt=\"\" \/><\/a><\/div>\n<div class=\"col-xs-1\"><\/div>\n<div class=\"col-xs-1\"><\/div>\n<div class=\"col-xs-1\"><\/div>\n<div class=\"col-xs-1\"><\/div>\n<div class=\"col-xs-1\"><\/div>\n<\/div>\n<\/div>\n<p>&nbsp;<\/p>\n<\/div>\n<\/div>\n<div class=\"col-xs-12 col-sm-8\">\n<div class=\"sales-information hidden-xs\">\n<h3><span class=\"product-name\">S7X<\/span><\/h3>\n<\/div>\n<p>El equilibrio perfecto de calidez, claridad y potencia, el Nuevo S7X ofrece a los pianistas una expresividad ilimitada. Perfecto para salas de c\u00e1mara, auditorios de tama\u00f1o medio y las aulas m\u00e1s exigentes.<\/p>\n<\/div>\n<\/div>\n<\/div>\n<\/div>\n<div id=\"d867038\" class=\"product-lineup-full-width\">\n<div class=\"container-fluid\">\n<div class=\"row\">\n<div class=\"col-xs-12 col-sm-4\"><\/div>\n<\/div>\n<\/div>\n<\/div>\n","protected":false},"featured_media":615,"template":"","meta":{"_joinchat":[]},"product_brand":[],"product_cat":[35],"product_tag":[37],"class_list":{"0":"post-2062","1":"product","2":"type-product","3":"status-publish","4":"has-post-thumbnail","6":"product_cat-pianos","7":"product_tag-descuentos-especiales-para-profesionales","9":"first","10":"instock","11":"sold-individually","12":"shipping-taxable","13":"purchasable","14":"product-type-simple"},"aioseo_notices":[],"_links":{"self":[{"href":"https:\/\/www.musical-leones.com\/index.php\/wp-json\/wp\/v2\/product\/2062","targetHints":{"allow":["GET"]}}],"collection":[{"href":"https:\/\/www.musical-leones.com\/index.php\/wp-json\/wp\/v2\/product"}],"about":[{"href":"https:\/\/www.musical-leones.com\/index.php\/wp-json\/wp\/v2\/types\/product"}],"version-history":[{"count":4,"href":"https:\/\/www.musical-leones.com\/index.php\/wp-json\/wp\/v2\/product\/2062\/revisions"}],"predecessor-version":[{"id":2074,"href":"https:\/\/www.musical-leones.com\/index.php\/wp-json\/wp\/v2\/product\/2062\/revisions\/2074"}],"wp:featuredmedia":[{"embeddable":true,"href":"https:\/\/www.musical-leones.com\/index.php\/wp-json\/wp\/v2\/media\/615"}],"wp:attachment":[{"href":"https:\/\/www.musical-leones.com\/index.php\/wp-json\/wp\/v2\/media?parent=2062"}],"wp:term":[{"taxonomy":"product_brand","embeddable":true,"href":"https:\/\/www.musical-leones.com\/index.php\/wp-json\/wp\/v2\/product_brand?post=2062"},{"taxonomy":"product_cat","embeddable":true,"href":"https:\/\/www.musical-leones.com\/index.php\/wp-json\/wp\/v2\/product_cat?post=2062"},{"taxonomy":"product_tag","embeddable":true,"href":"https:\/\/www.musical-leones.com\/index.php\/wp-json\/wp\/v2\/product_tag?post=2062"}],"curies":[{"name":"wp","href":"https:\/\/api.w.org\/{rel}","templated":true}]}}