{"id":1269,"date":"2023-12-09T12:51:43","date_gmt":"2023-12-09T11:51:43","guid":{"rendered":"https:\/\/www.musical-leones.com\/?post_type=product&#038;p=1269"},"modified":"2026-01-17T11:07:51","modified_gmt":"2026-01-17T10:07:51","slug":"yamaha-b2-tc3-silent-negro-pulido","status":"publish","type":"product","link":"https:\/\/www.musical-leones.com\/index.php\/producto\/yamaha-b2-tc3-silent-negro-pulido\/","title":{"rendered":"YAMAHA B2 TC3 SILENT TRANSACOUSTIC NEGRO PULIDO"},"content":{"rendered":"<div class=\"sales-information hidden-xs\">\n<h3><span class=\"product-name\">b2 TC3<\/span> <small class=\"label label-new\">Nuevo<\/small><\/h3>\n<p><span style=\"font-family: inter-variable, sans-serif;\">Los pianos TransAcoustic\u2122 son aut\u00e9nticos pianos ac\u00fasticos, equipados con un control de volumen impulsado por la m\u00e1s reciente tecnolog\u00eda de Yamaha. Si bien tambi\u00e9n es posible tocar en silencio a trav\u00e9s de los auriculares, el modo TransAcoustic\u2122 permite controlar el volumen de tu piano, porque puedes tocar sin molestar a los dem\u00e1s. Incluso a vol\u00famenes bajos, la tabla arm\u00f3nica vibra para que puedas disfrutar la sensaci\u00f3n f\u00edsica completa de un sonido ac\u00fastico cuando tocas.<\/span><\/p>\n<\/div>\n<p><span style=\"font-family: inter-variable, sans-serif;\">Con sus mayores dimensiones y su construcci\u00f3n m\u00e1s pesada, el nuevo b2 ofrece un sonido superior gracias a su mayor profundidad y volumen. Para el int\u00e9rprete ambicioso con un presupuesto ajustado, no hay mejor instrumento.<\/span><\/p>\n<p>&nbsp;<\/p>\n","protected":false},"excerpt":{"rendered":"<div class=\"sales-information hidden-xs\"><\/p>\n<h3><span style=\"font-family: contralto-big, sans-serif\"><span class=\"product-name\">b2 TC3<\/span> <small class=\"label label-new\">Nuevo<\/small><\/span><\/h3>\n<p><\/div>\n<p><span style=\"font-family: inter-variable, sans-serif\">Con sus mayores dimensiones y su construcci\u00f3n m\u00e1s pesada, el nuevo b2 ofrece un sonido superior gracias a su mayor profundidad y volumen.<\/span><\/p>\n","protected":false},"featured_media":1271,"template":"","meta":{"_joinchat":[]},"product_brand":[],"product_cat":[35,41],"product_tag":[],"class_list":{"0":"post-1269","1":"product","2":"type-product","3":"status-publish","4":"has-post-thumbnail","6":"product_cat-pianos","7":"product_cat-verticales","9":"first","10":"instock","11":"sale","12":"shipping-taxable","13":"purchasable","14":"product-type-simple"},"aioseo_notices":[],"_links":{"self":[{"href":"https:\/\/www.musical-leones.com\/index.php\/wp-json\/wp\/v2\/product\/1269","targetHints":{"allow":["GET"]}}],"collection":[{"href":"https:\/\/www.musical-leones.com\/index.php\/wp-json\/wp\/v2\/product"}],"about":[{"href":"https:\/\/www.musical-leones.com\/index.php\/wp-json\/wp\/v2\/types\/product"}],"version-history":[{"count":5,"href":"https:\/\/www.musical-leones.com\/index.php\/wp-json\/wp\/v2\/product\/1269\/revisions"}],"predecessor-version":[{"id":2077,"href":"https:\/\/www.musical-leones.com\/index.php\/wp-json\/wp\/v2\/product\/1269\/revisions\/2077"}],"wp:featuredmedia":[{"embeddable":true,"href":"https:\/\/www.musical-leones.com\/index.php\/wp-json\/wp\/v2\/media\/1271"}],"wp:attachment":[{"href":"https:\/\/www.musical-leones.com\/index.php\/wp-json\/wp\/v2\/media?parent=1269"}],"wp:term":[{"taxonomy":"product_brand","embeddable":true,"href":"https:\/\/www.musical-leones.com\/index.php\/wp-json\/wp\/v2\/product_brand?post=1269"},{"taxonomy":"product_cat","embeddable":true,"href":"https:\/\/www.musical-leones.com\/index.php\/wp-json\/wp\/v2\/product_cat?post=1269"},{"taxonomy":"product_tag","embeddable":true,"href":"https:\/\/www.musical-leones.com\/index.php\/wp-json\/wp\/v2\/product_tag?post=1269"}],"curies":[{"name":"wp","href":"https:\/\/api.w.org\/{rel}","templated":true}]}}