{"id":1217,"date":"2023-02-20T17:20:09","date_gmt":"2023-02-20T16:20:09","guid":{"rendered":"https:\/\/www.musical-leones.com\/?post_type=product&#038;p=1217"},"modified":"2026-01-17T11:11:36","modified_gmt":"2026-01-17T10:11:36","slug":"yamaha-b2-silent-sc3-negro-pulido-copia","status":"publish","type":"product","link":"https:\/\/www.musical-leones.com\/index.php\/producto\/yamaha-b2-silent-sc3-negro-pulido-copia\/","title":{"rendered":"YAMAHA B2 SC3 SILENT NEGRO PULIDO"},"content":{"rendered":"<div class=\"sales-information hidden-xs\">\n<h3><span class=\"product-name\">b2 SC3<\/span> <small class=\"label label-new\">Nuevo<\/small><\/h3>\n<\/div>\n<p>Con sus mayores dimensiones y su construcci\u00f3n m\u00e1s pesada, el nuevo b2 ofrece un sonido superior gracias a su mayor profundidad y volumen. Para el int\u00e9rprete ambicioso con un presupuesto ajustado, no hay mejor instrumento. A este b2 se le ha a\u00f1adido un sistema de silenciamiento. Se trata de un SILENT Piano\u2122 tipo SC3.<\/p>\n","protected":false},"excerpt":{"rendered":"<div class=\"sales-information hidden-xs\"><\/p>\n<h3><span class=\"product-name\">b2 SC3<\/span> <small class=\"label label-new\">Nuevo<\/small><\/h3>\n<p><\/div>\n<p>Con sus mayores dimensiones y su construcci\u00f3n m\u00e1s pesada, el nuevo b2 ofrece un sonido superior gracias a su mayor profundidad y volumen. Para el int\u00e9rprete ambicioso con un presupuesto ajustado, no hay mejor instrumento. A este b2 se le ha a\u00f1adido un sistema de silenciamiento. Se trata de un SILENT Piano\u2122 tipo SC3.<\/p>\n","protected":false},"featured_media":699,"template":"","meta":{"_joinchat":[]},"product_brand":[],"product_cat":[35,41],"product_tag":[],"class_list":{"0":"post-1217","1":"product","2":"type-product","3":"status-publish","4":"has-post-thumbnail","6":"product_cat-pianos","7":"product_cat-verticales","9":"first","10":"instock","11":"sale","12":"shipping-taxable","13":"purchasable","14":"product-type-simple"},"aioseo_notices":[],"_links":{"self":[{"href":"https:\/\/www.musical-leones.com\/index.php\/wp-json\/wp\/v2\/product\/1217","targetHints":{"allow":["GET"]}}],"collection":[{"href":"https:\/\/www.musical-leones.com\/index.php\/wp-json\/wp\/v2\/product"}],"about":[{"href":"https:\/\/www.musical-leones.com\/index.php\/wp-json\/wp\/v2\/types\/product"}],"version-history":[{"count":5,"href":"https:\/\/www.musical-leones.com\/index.php\/wp-json\/wp\/v2\/product\/1217\/revisions"}],"predecessor-version":[{"id":2079,"href":"https:\/\/www.musical-leones.com\/index.php\/wp-json\/wp\/v2\/product\/1217\/revisions\/2079"}],"wp:featuredmedia":[{"embeddable":true,"href":"https:\/\/www.musical-leones.com\/index.php\/wp-json\/wp\/v2\/media\/699"}],"wp:attachment":[{"href":"https:\/\/www.musical-leones.com\/index.php\/wp-json\/wp\/v2\/media?parent=1217"}],"wp:term":[{"taxonomy":"product_brand","embeddable":true,"href":"https:\/\/www.musical-leones.com\/index.php\/wp-json\/wp\/v2\/product_brand?post=1217"},{"taxonomy":"product_cat","embeddable":true,"href":"https:\/\/www.musical-leones.com\/index.php\/wp-json\/wp\/v2\/product_cat?post=1217"},{"taxonomy":"product_tag","embeddable":true,"href":"https:\/\/www.musical-leones.com\/index.php\/wp-json\/wp\/v2\/product_tag?post=1217"}],"curies":[{"name":"wp","href":"https:\/\/api.w.org\/{rel}","templated":true}]}}